{"id":235,"date":"2014-09-18T07:34:54","date_gmt":"2014-09-18T07:34:54","guid":{"rendered":"http:\/\/www.marae.at\/coaching\/coachinguberatung\/"},"modified":"2021-05-07T15:49:22","modified_gmt":"2021-05-07T15:49:22","slug":"coachinguberatung","status":"publish","type":"page","link":"http:\/\/www.kraftquelle.tirol\/coaching\/","title":{"rendered":"Coaching und Beratung"},"content":{"rendered":"<div class=\"art-content-layout-wrapper layout-item-0\">\n<div class=\"art-content-layout\">\n<div class=\"art-content-layout-row\">\n<div class=\"art-layout-cell layout-item-1\" style=\"width: 100%;\">\n<h1>Tr\u00e4ume nicht dein Leben,<\/h1>\n<h1>lebe Deinen Traum<\/h1>\n<p style=\"text-align: left;\"><strong>Coaching \u2013 <\/strong>hei\u00dft ich reiche dir meine Hand und du gehst deinen Weg.<\/p>\n<p style=\"text-align: left;\"><span style=\"font-family: 'Droid Serif';\">Um etwas in deinem Leben zu ver\u00e4ndern, brauchst du klare Ziele. Diese Ziele m\u00fcssen so wertvoll sein, um dich aus deiner Komfortzone zu bewegen. Wir arbeiten auf mehreren Ebenen, um deine Wahrnehmung zu optimieren. Alle Sinne werden dabei mit einbezogen, so entstehen starke innere Bilder und Gef\u00fchle. Alte Glaubens\u00e4tze ver\u00e4ndern sich, neue Zukunftsszenarien werden programmiert<br \/>\n<\/span><\/p>\n<\/div>\n<\/div>\n<\/div>\n<\/div>\n<div class=\"art-content-layout-wrapper layout-item-2\">\n<div class=\"art-content-layout\">\n<div class=\"art-content-layout-row\">\n<div class=\"art-layout-cell layout-item-3\" style=\"width: 100%;\">\n<p style=\"text-align: center;\">\u00a0 \u00a0 \u00a0 \u00a0 <span style=\"font-size: 16px;\">\u00a0<\/span> Was erwartet dich hier<\/p>\n<ul>\n<li style=\"text-align: center;\"><a href=\"\/coaching\/seminare\" target=\"_self\" rel=\"noopener\">Seminare<\/a><\/li>\n<li style=\"text-align: center;\"><a href=\"\/coaching\/workshop\" target=\"_self\" rel=\"noopener\">Workshop<\/a><\/li>\n<li style=\"text-align: center;\"><a href=\"\/coaching\/einzelberatung\" target=\"_self\" rel=\"noopener\">Einzelberatung<\/a><\/li>\n<li style=\"text-align: center;\"><a href=\"\/hausdeslebens\/seminare\" target=\"_blank\" rel=\"noopener\">Kraftquelle.tirol<\/a><\/li>\n<\/ul>\n<p style=\"text-align: center;\">\u00a0 \u00a0\u00a0 \u00a0 \u00a0 \u00a0 <a class=\"art-button\" href=\"\/coaching\/programm\" target=\"_self\" rel=\"noopener\">mehr \u2192<\/a><\/p>\n<\/div>\n<\/div>\n<\/div>\n<\/div>\n","protected":false},"excerpt":{"rendered":"<p>Tr\u00e4ume nicht dein Leben, lebe Deinen Traum Coaching \u2013 hei\u00dft ich reiche dir meine Hand und du gehst deinen Weg. Um etwas in deinem Leben zu ver\u00e4ndern, brauchst du klare Ziele. Diese Ziele m\u00fcssen so wertvoll sein, um dich aus deiner Komfortzone zu bewegen. Wir arbeiten auf mehreren Ebenen, um deine Wahrnehmung zu optimieren. Alle [&hellip;]<\/p>\n","protected":false},"author":1,"featured_media":0,"parent":0,"menu_order":1,"comment_status":"closed","ping_status":"closed","template":"","meta":[],"yoast_head":"<!-- This site is optimized with the Yoast SEO plugin v15.6.2 - https:\/\/yoast.com\/wordpress\/plugins\/seo\/ -->\n<meta name=\"robots\" content=\"index, follow, max-snippet:-1, max-image-preview:large, max-video-preview:-1\" \/>\n<link rel=\"canonical\" href=\"http:\/\/www.kraftquelle.tirol\/coaching\/\" \/>\n<meta property=\"og:locale\" content=\"de_DE\" \/>\n<meta property=\"og:type\" content=\"article\" \/>\n<meta property=\"og:title\" content=\"Coaching und Beratung - Coaching und Beratung\" \/>\n<meta property=\"og:description\" content=\"Tr\u00e4ume nicht dein Leben, lebe Deinen Traum Coaching \u2013 hei\u00dft ich reiche dir meine Hand und du gehst deinen Weg. Um etwas in deinem Leben zu ver\u00e4ndern, brauchst du klare Ziele. Diese Ziele m\u00fcssen so wertvoll sein, um dich aus deiner Komfortzone zu bewegen. Wir arbeiten auf mehreren Ebenen, um deine Wahrnehmung zu optimieren. Alle [&hellip;]\" \/>\n<meta property=\"og:url\" content=\"http:\/\/www.kraftquelle.tirol\/coaching\/\" \/>\n<meta property=\"og:site_name\" content=\"Coaching und Beratung\" \/>\n<meta property=\"article:modified_time\" content=\"2021-05-07T15:49:22+00:00\" \/>\n<meta name=\"twitter:label1\" content=\"Gesch\u00e4tzte Lesezeit\">\n\t<meta name=\"twitter:data1\" content=\"1\u00a0Minute\">\n<script type=\"application\/ld+json\" class=\"yoast-schema-graph\">{\"@context\":\"https:\/\/schema.org\",\"@graph\":[{\"@type\":\"WebSite\",\"@id\":\"https:\/\/www.kraftquelle.tirol\/coaching\/#website\",\"url\":\"https:\/\/www.kraftquelle.tirol\/coaching\/\",\"name\":\"Coaching und Beratung\",\"description\":\"Mag. Michaela Kammeringer Karbon\",\"potentialAction\":[{\"@type\":\"SearchAction\",\"target\":\"https:\/\/www.kraftquelle.tirol\/coaching\/?s={search_term_string}\",\"query-input\":\"required name=search_term_string\"}],\"inLanguage\":\"de\"},{\"@type\":\"WebPage\",\"@id\":\"http:\/\/www.kraftquelle.tirol\/coaching\/#webpage\",\"url\":\"http:\/\/www.kraftquelle.tirol\/coaching\/\",\"name\":\"Coaching und Beratung - Coaching und Beratung\",\"isPartOf\":{\"@id\":\"https:\/\/www.kraftquelle.tirol\/coaching\/#website\"},\"datePublished\":\"2014-09-18T07:34:54+00:00\",\"dateModified\":\"2021-05-07T15:49:22+00:00\",\"inLanguage\":\"de\",\"potentialAction\":[{\"@type\":\"ReadAction\",\"target\":[\"http:\/\/www.kraftquelle.tirol\/coaching\/\"]}]}]}<\/script>\n<!-- \/ Yoast SEO plugin. -->","_links":{"self":[{"href":"http:\/\/www.kraftquelle.tirol\/coaching\/wp-json\/wp\/v2\/pages\/235"}],"collection":[{"href":"http:\/\/www.kraftquelle.tirol\/coaching\/wp-json\/wp\/v2\/pages"}],"about":[{"href":"http:\/\/www.kraftquelle.tirol\/coaching\/wp-json\/wp\/v2\/types\/page"}],"author":[{"embeddable":true,"href":"http:\/\/www.kraftquelle.tirol\/coaching\/wp-json\/wp\/v2\/users\/1"}],"replies":[{"embeddable":true,"href":"http:\/\/www.kraftquelle.tirol\/coaching\/wp-json\/wp\/v2\/comments?post=235"}],"version-history":[{"count":8,"href":"http:\/\/www.kraftquelle.tirol\/coaching\/wp-json\/wp\/v2\/pages\/235\/revisions"}],"predecessor-version":[{"id":373,"href":"http:\/\/www.kraftquelle.tirol\/coaching\/wp-json\/wp\/v2\/pages\/235\/revisions\/373"}],"wp:attachment":[{"href":"http:\/\/www.kraftquelle.tirol\/coaching\/wp-json\/wp\/v2\/media?parent=235"}],"curies":[{"name":"wp","href":"https:\/\/api.w.org\/{rel}","templated":true}]}}