{"id":237,"date":"2014-09-18T07:34:56","date_gmt":"2014-09-18T07:34:56","guid":{"rendered":"http:\/\/www.marae.at\/coaching\/methoden\/systemischefamilienaufstellung\/"},"modified":"2021-05-07T15:44:35","modified_gmt":"2021-05-07T15:44:35","slug":"systemischefamilienaufstellung","status":"publish","type":"page","link":"http:\/\/www.kraftquelle.tirol\/coaching\/methoden\/systemischefamilienaufstellung\/","title":{"rendered":"sF &#8211; systemische Familienaufstellung"},"content":{"rendered":"<div class=\"art-content-layout-wrapper layout-item-0\">\n<div class=\"art-content-layout\">\n<div class=\"art-content-layout-row\">\n<div class=\"art-layout-cell\" style=\"width: 33%;\">\n<h2><img loading=\"lazy\" class=\"art-lightbox\" src=\"http:\/\/www.kraftquelle.tirol\/coaching\/wp-content\/uploads\/2014\/09\/shutterstock_2167857371.jpg\" alt=\"\" width=\"219\" height=\"164\" \/><span style=\"font-weight: bold;\"><br \/>\n<\/span><\/h2>\n<\/div>\n<div class=\"art-layout-cell layout-item-1\" style=\"width: 67%;\">\n<h2 style=\"text-align: left;\">Systemische Familienaufstellung<\/h2>\n<p><strong>Was ist Systemische Aufstellung<\/strong><\/p>\n<p>Allen zwischenmenschlichen Beziehungen, vor allem in Familien, liegt ein sehr komplexer, unbewusster \u201eMechanismus\u201c zu Grunde. Man kann es \u201eStruktur\u201c nennen. Diese ergibt sich aus sich wiederholenden Ereignissen. Ivan Boszormenyi-Nagy gab schon vor Jahren Einblick in die Struktur systemischer Wiederholungen. Er forschte Jahre lang \u00fcber die generationen\u00fcbergreifenden Bindungen. Sie sind, nicht offensichtlich, sondern wirken meist ohne dass sich die Mitglieder der Familie dessen bewusst sind. Bert Hellinger hat diese Forschungen noch um viele Einsichten und Erkenntnisse erweitert und bereichert. Er hat vor allem eine spezielle Form der \u201eFamilienaufstellung\u201c entwickelt. Diese externalisiert das verinnerlichte Familienbild &#8211; ein uns beim Denken, F\u00fchlen und Handeln steuerndes Element. Wirkungsweisen der famili\u00e4ren Bindungen \u00fcber Generationen werden durch diese Methode erlebbar gemacht. Falls diese einschr\u00e4nkend auf unser Leben wirken, k\u00f6nnen durch die Aufstellungsarbeit L\u00f6sungen erfahren werden.<\/p>\n<\/div>\n<\/div>\n<\/div>\n<\/div>\n","protected":false},"excerpt":{"rendered":"<p>Systemische Familienaufstellung Was ist Systemische Aufstellung Allen zwischenmenschlichen Beziehungen, vor allem in Familien, liegt ein sehr komplexer, unbewusster \u201eMechanismus\u201c zu Grunde. Man kann es \u201eStruktur\u201c nennen. Diese ergibt sich aus sich wiederholenden Ereignissen. Ivan Boszormenyi-Nagy gab schon vor Jahren Einblick in die Struktur systemischer Wiederholungen. Er forschte Jahre lang \u00fcber die generationen\u00fcbergreifenden Bindungen. Sie sind, [&hellip;]<\/p>\n","protected":false},"author":1,"featured_media":0,"parent":236,"menu_order":3,"comment_status":"closed","ping_status":"open","template":"","meta":[],"yoast_head":"<!-- This site is optimized with the Yoast SEO plugin v15.6.2 - https:\/\/yoast.com\/wordpress\/plugins\/seo\/ -->\n<meta name=\"robots\" content=\"index, follow, max-snippet:-1, max-image-preview:large, max-video-preview:-1\" \/>\n<link rel=\"canonical\" href=\"http:\/\/www.kraftquelle.tirol\/coaching\/methoden\/systemischefamilienaufstellung\/\" \/>\n<meta property=\"og:locale\" content=\"de_DE\" \/>\n<meta property=\"og:type\" content=\"article\" \/>\n<meta property=\"og:title\" content=\"sF - systemische Familienaufstellung - Coaching und Beratung\" \/>\n<meta property=\"og:description\" content=\"Systemische Familienaufstellung Was ist Systemische Aufstellung Allen zwischenmenschlichen Beziehungen, vor allem in Familien, liegt ein sehr komplexer, unbewusster \u201eMechanismus\u201c zu Grunde. Man kann es \u201eStruktur\u201c nennen. Diese ergibt sich aus sich wiederholenden Ereignissen. Ivan Boszormenyi-Nagy gab schon vor Jahren Einblick in die Struktur systemischer Wiederholungen. Er forschte Jahre lang \u00fcber die generationen\u00fcbergreifenden Bindungen. Sie sind, [&hellip;]\" \/>\n<meta property=\"og:url\" content=\"http:\/\/www.kraftquelle.tirol\/coaching\/methoden\/systemischefamilienaufstellung\/\" \/>\n<meta property=\"og:site_name\" content=\"Coaching und Beratung\" \/>\n<meta property=\"article:modified_time\" content=\"2021-05-07T15:44:35+00:00\" \/>\n<meta property=\"og:image\" content=\"http:\/\/www.kraftquelle.tirol\/coaching\/wp-content\/uploads\/2014\/09\/shutterstock_2167857371.jpg\" \/>\n<meta name=\"twitter:label1\" content=\"Gesch\u00e4tzte Lesezeit\">\n\t<meta name=\"twitter:data1\" content=\"1\u00a0Minute\">\n<script type=\"application\/ld+json\" class=\"yoast-schema-graph\">{\"@context\":\"https:\/\/schema.org\",\"@graph\":[{\"@type\":\"WebSite\",\"@id\":\"http:\/\/www.kraftquelle.tirol\/coaching\/#website\",\"url\":\"http:\/\/www.kraftquelle.tirol\/coaching\/\",\"name\":\"Coaching und Beratung\",\"description\":\"Mag. Michaela Kammeringer Karbon\",\"potentialAction\":[{\"@type\":\"SearchAction\",\"target\":\"http:\/\/www.kraftquelle.tirol\/coaching\/?s={search_term_string}\",\"query-input\":\"required name=search_term_string\"}],\"inLanguage\":\"de\"},{\"@type\":\"ImageObject\",\"@id\":\"http:\/\/www.kraftquelle.tirol\/coaching\/methoden\/systemischefamilienaufstellung\/#primaryimage\",\"inLanguage\":\"de\",\"url\":\"http:\/\/www.kraftquelle.tirol\/coaching\/wp-content\/uploads\/2014\/09\/shutterstock_2167857371.jpg\",\"width\":219,\"height\":164},{\"@type\":\"WebPage\",\"@id\":\"http:\/\/www.kraftquelle.tirol\/coaching\/methoden\/systemischefamilienaufstellung\/#webpage\",\"url\":\"http:\/\/www.kraftquelle.tirol\/coaching\/methoden\/systemischefamilienaufstellung\/\",\"name\":\"sF - systemische Familienaufstellung - Coaching und Beratung\",\"isPartOf\":{\"@id\":\"http:\/\/www.kraftquelle.tirol\/coaching\/#website\"},\"primaryImageOfPage\":{\"@id\":\"http:\/\/www.kraftquelle.tirol\/coaching\/methoden\/systemischefamilienaufstellung\/#primaryimage\"},\"datePublished\":\"2014-09-18T07:34:56+00:00\",\"dateModified\":\"2021-05-07T15:44:35+00:00\",\"inLanguage\":\"de\",\"potentialAction\":[{\"@type\":\"ReadAction\",\"target\":[\"http:\/\/www.kraftquelle.tirol\/coaching\/methoden\/systemischefamilienaufstellung\/\"]}]}]}<\/script>\n<!-- \/ Yoast SEO plugin. -->","_links":{"self":[{"href":"http:\/\/www.kraftquelle.tirol\/coaching\/wp-json\/wp\/v2\/pages\/237"}],"collection":[{"href":"http:\/\/www.kraftquelle.tirol\/coaching\/wp-json\/wp\/v2\/pages"}],"about":[{"href":"http:\/\/www.kraftquelle.tirol\/coaching\/wp-json\/wp\/v2\/types\/page"}],"author":[{"embeddable":true,"href":"http:\/\/www.kraftquelle.tirol\/coaching\/wp-json\/wp\/v2\/users\/1"}],"replies":[{"embeddable":true,"href":"http:\/\/www.kraftquelle.tirol\/coaching\/wp-json\/wp\/v2\/comments?post=237"}],"version-history":[{"count":2,"href":"http:\/\/www.kraftquelle.tirol\/coaching\/wp-json\/wp\/v2\/pages\/237\/revisions"}],"predecessor-version":[{"id":370,"href":"http:\/\/www.kraftquelle.tirol\/coaching\/wp-json\/wp\/v2\/pages\/237\/revisions\/370"}],"up":[{"embeddable":true,"href":"http:\/\/www.kraftquelle.tirol\/coaching\/wp-json\/wp\/v2\/pages\/236"}],"wp:attachment":[{"href":"http:\/\/www.kraftquelle.tirol\/coaching\/wp-json\/wp\/v2\/media?parent=237"}],"curies":[{"name":"wp","href":"https:\/\/api.w.org\/{rel}","templated":true}]}}