{"id":238,"date":"2014-09-18T07:34:57","date_gmt":"2014-09-18T07:34:57","guid":{"rendered":"http:\/\/www.marae.at\/coaching\/methoden\/nlp\/"},"modified":"2021-05-07T15:45:37","modified_gmt":"2021-05-07T15:45:37","slug":"nlp","status":"publish","type":"page","link":"http:\/\/www.kraftquelle.tirol\/coaching\/methoden\/nlp\/","title":{"rendered":"NLP &#8211; Neuro Linguistische Programmierung"},"content":{"rendered":"<div class=\"art-content-layout\">\n<div class=\"art-content-layout-row\">\n<div class=\"art-layout-cell layout-item-0\" style=\"width: 33%;\">\n<p><img loading=\"lazy\" class=\"art-lightbox\" src=\"http:\/\/www.kraftquelle.tirol\/coaching\/wp-content\/uploads\/2014\/09\/Steg_shutterstock_2150422211.jpg\" alt=\"\" width=\"219\" height=\"146\" \/><\/p>\n<\/div>\n<div class=\"art-layout-cell layout-item-0\" style=\"width: 67%;\">\n<h2 style=\"text-align: left;\"><span style=\"font-weight: bold;\">NLP<\/span><\/h2>\n<p><strong>Was ist NLP<\/strong> \u2013 Neuro Linguistisches Programmieren<\/p>\n<p>Der Kern des NLP wurde in den 70-iger Jahren von Richard Bandler und John Grinder geschaffen, indem sie die Vorgehensweise von besonders erfolgreichen Psychotherapeuten studierten und modellierten. So gewannen sie dabei bemerkenswerte Erkenntnisse und entwickelten das \u201eLernen am Modell\u201c zu einer wissenschaftlichen Methode. Diese sehr effektive Methode f\u00fcr pers\u00f6nliche Entfaltung wurde st\u00e4ndig weiterentwickelt. Sie beinhaltet die wesentlichen Elemente der Gestaltungspsychologie, Systemtherapie, und Hypnotherapie, sowie der Tiefenpsychologie und wurde so zu einem eigenst\u00e4ndigen, lehr- und lernbaren Modell f\u00fcr konstruktive Kommunikation- und Ver\u00e4nderungsarbeit.<\/p>\n<\/div>\n<\/div>\n<\/div>\n","protected":false},"excerpt":{"rendered":"<p>NLP Was ist NLP \u2013 Neuro Linguistisches Programmieren Der Kern des NLP wurde in den 70-iger Jahren von Richard Bandler und John Grinder geschaffen, indem sie die Vorgehensweise von besonders erfolgreichen Psychotherapeuten studierten und modellierten. So gewannen sie dabei bemerkenswerte Erkenntnisse und entwickelten das \u201eLernen am Modell\u201c zu einer wissenschaftlichen Methode. Diese sehr effektive Methode [&hellip;]<\/p>\n","protected":false},"author":1,"featured_media":0,"parent":236,"menu_order":4,"comment_status":"closed","ping_status":"open","template":"","meta":[],"yoast_head":"<!-- This site is optimized with the Yoast SEO plugin v15.6.2 - https:\/\/yoast.com\/wordpress\/plugins\/seo\/ -->\n<meta name=\"robots\" content=\"index, follow, max-snippet:-1, max-image-preview:large, max-video-preview:-1\" \/>\n<link rel=\"canonical\" href=\"http:\/\/www.kraftquelle.tirol\/coaching\/methoden\/nlp\/\" \/>\n<meta property=\"og:locale\" content=\"de_DE\" \/>\n<meta property=\"og:type\" content=\"article\" \/>\n<meta property=\"og:title\" content=\"NLP - Neuro Linguistische Programmierung - Coaching und Beratung\" \/>\n<meta property=\"og:description\" content=\"NLP Was ist NLP \u2013 Neuro Linguistisches Programmieren Der Kern des NLP wurde in den 70-iger Jahren von Richard Bandler und John Grinder geschaffen, indem sie die Vorgehensweise von besonders erfolgreichen Psychotherapeuten studierten und modellierten. So gewannen sie dabei bemerkenswerte Erkenntnisse und entwickelten das \u201eLernen am Modell\u201c zu einer wissenschaftlichen Methode. Diese sehr effektive Methode [&hellip;]\" \/>\n<meta property=\"og:url\" content=\"http:\/\/www.kraftquelle.tirol\/coaching\/methoden\/nlp\/\" \/>\n<meta property=\"og:site_name\" content=\"Coaching und Beratung\" \/>\n<meta property=\"article:modified_time\" content=\"2021-05-07T15:45:37+00:00\" \/>\n<meta property=\"og:image\" content=\"http:\/\/www.kraftquelle.tirol\/coaching\/wp-content\/uploads\/2014\/09\/Steg_shutterstock_2150422211.jpg\" \/>\n<meta name=\"twitter:label1\" content=\"Gesch\u00e4tzte Lesezeit\">\n\t<meta name=\"twitter:data1\" content=\"1\u00a0Minute\">\n<script type=\"application\/ld+json\" class=\"yoast-schema-graph\">{\"@context\":\"https:\/\/schema.org\",\"@graph\":[{\"@type\":\"WebSite\",\"@id\":\"http:\/\/www.kraftquelle.tirol\/coaching\/#website\",\"url\":\"http:\/\/www.kraftquelle.tirol\/coaching\/\",\"name\":\"Coaching und Beratung\",\"description\":\"Mag. Michaela Kammeringer Karbon\",\"potentialAction\":[{\"@type\":\"SearchAction\",\"target\":\"http:\/\/www.kraftquelle.tirol\/coaching\/?s={search_term_string}\",\"query-input\":\"required name=search_term_string\"}],\"inLanguage\":\"de\"},{\"@type\":\"ImageObject\",\"@id\":\"http:\/\/www.kraftquelle.tirol\/coaching\/methoden\/nlp\/#primaryimage\",\"inLanguage\":\"de\",\"url\":\"http:\/\/www.kraftquelle.tirol\/coaching\/wp-content\/uploads\/2014\/09\/Steg_shutterstock_2150422211.jpg\",\"width\":219,\"height\":146},{\"@type\":\"WebPage\",\"@id\":\"http:\/\/www.kraftquelle.tirol\/coaching\/methoden\/nlp\/#webpage\",\"url\":\"http:\/\/www.kraftquelle.tirol\/coaching\/methoden\/nlp\/\",\"name\":\"NLP - Neuro Linguistische Programmierung - Coaching und Beratung\",\"isPartOf\":{\"@id\":\"http:\/\/www.kraftquelle.tirol\/coaching\/#website\"},\"primaryImageOfPage\":{\"@id\":\"http:\/\/www.kraftquelle.tirol\/coaching\/methoden\/nlp\/#primaryimage\"},\"datePublished\":\"2014-09-18T07:34:57+00:00\",\"dateModified\":\"2021-05-07T15:45:37+00:00\",\"inLanguage\":\"de\",\"potentialAction\":[{\"@type\":\"ReadAction\",\"target\":[\"http:\/\/www.kraftquelle.tirol\/coaching\/methoden\/nlp\/\"]}]}]}<\/script>\n<!-- \/ Yoast SEO plugin. -->","_links":{"self":[{"href":"http:\/\/www.kraftquelle.tirol\/coaching\/wp-json\/wp\/v2\/pages\/238"}],"collection":[{"href":"http:\/\/www.kraftquelle.tirol\/coaching\/wp-json\/wp\/v2\/pages"}],"about":[{"href":"http:\/\/www.kraftquelle.tirol\/coaching\/wp-json\/wp\/v2\/types\/page"}],"author":[{"embeddable":true,"href":"http:\/\/www.kraftquelle.tirol\/coaching\/wp-json\/wp\/v2\/users\/1"}],"replies":[{"embeddable":true,"href":"http:\/\/www.kraftquelle.tirol\/coaching\/wp-json\/wp\/v2\/comments?post=238"}],"version-history":[{"count":2,"href":"http:\/\/www.kraftquelle.tirol\/coaching\/wp-json\/wp\/v2\/pages\/238\/revisions"}],"predecessor-version":[{"id":371,"href":"http:\/\/www.kraftquelle.tirol\/coaching\/wp-json\/wp\/v2\/pages\/238\/revisions\/371"}],"up":[{"embeddable":true,"href":"http:\/\/www.kraftquelle.tirol\/coaching\/wp-json\/wp\/v2\/pages\/236"}],"wp:attachment":[{"href":"http:\/\/www.kraftquelle.tirol\/coaching\/wp-json\/wp\/v2\/media?parent=238"}],"curies":[{"name":"wp","href":"https:\/\/api.w.org\/{rel}","templated":true}]}}