{"id":239,"date":"2014-09-18T07:34:58","date_gmt":"2014-09-18T07:34:58","guid":{"rendered":"http:\/\/www.marae.at\/coaching\/methoden\/gfk\/"},"modified":"2021-03-17T11:17:40","modified_gmt":"2021-03-17T11:17:40","slug":"gfk","status":"publish","type":"page","link":"http:\/\/www.kraftquelle.tirol\/coaching\/methoden\/gfk\/","title":{"rendered":"Gfk &#8211; Gewaltfreie Kommunikation"},"content":{"rendered":"<div class=\"art-content-layout\">\n<div class=\"art-content-layout-row\">\n<div class=\"art-layout-cell layout-item-0\" style=\"width: 33%;\">\n<p><img loading=\"lazy\" class=\"art-lightbox\" src=\"http:\/\/www.kraftquelle.tirol\/coaching\/wp-content\/uploads\/2014\/09\/Elefant_shutterstock_60414424-21.jpg\" alt=\"\" width=\"219\" height=\"146\"><\/p>\n<p>&nbsp;<\/p>\n<\/div>\n<div class=\"art-layout-cell layout-item-0\" style=\"width: 67%;\">\n<h2 style=\"text-align: left;\">Gewaltfrei Kommunikation<\/h2>\n<p>Unsere Gesellschaft erzieht uns zu W\u00f6lfen.&nbsp;<\/p>\n<p>Zumindest wenn es um zwischenmenschliche Kommunikation geht.&nbsp;<\/p>\n<p>Das die Giraffe, mit dem gr\u00f6\u00dften Herz aller S\u00e4ugetiere, Dinge anders ansprechen w\u00fcrde, m\u00f6chte ich Ihnen gerne zeigen.<\/p>\n<p>Wir Menschen sind Wesen die alleine nicht existieren k\u00f6nnen, wir brauchen das Du.&nbsp;<\/p>\n<p>Das hei\u00dft Beziehungen sind f\u00fcr uns von gro\u00dfer Bedeutung. Um gute Beziehungen zu f\u00fchren, ben\u00f6tigt man eine wertsch\u00e4tzende Kommunikation.&nbsp;<\/p>\n<p>Die GfK hilft dabei, sich mit sich selbst und dem Gegen\u00fcber auf gleicher Ebene auszutauschen, seinen eigenen Gef\u00fchlen und Bed\u00fcrfnissen n\u00e4her zukommen, diese auch mit zu teilen und die st\u00e4ndigen Bewertungen loszulassen.<\/p>\n<p>&nbsp;<\/p>\n<p>&nbsp;<\/p>\n<\/div>\n<p>&nbsp;<\/p>\n<\/div>\n<\/div>\n","protected":false},"excerpt":{"rendered":"<p>&nbsp; Gewaltfrei Kommunikation Unsere Gesellschaft erzieht uns zu W\u00f6lfen.&nbsp; Zumindest wenn es um zwischenmenschliche Kommunikation geht.&nbsp; Das die Giraffe, mit dem gr\u00f6\u00dften Herz aller S\u00e4ugetiere, Dinge anders ansprechen w\u00fcrde, m\u00f6chte ich Ihnen gerne zeigen. Wir Menschen sind Wesen die alleine nicht existieren k\u00f6nnen, wir brauchen das Du.&nbsp; Das hei\u00dft Beziehungen sind f\u00fcr uns von gro\u00dfer [&hellip;]<\/p>\n","protected":false},"author":1,"featured_media":0,"parent":236,"menu_order":5,"comment_status":"closed","ping_status":"open","template":"","meta":[],"yoast_head":"<!-- This site is optimized with the Yoast SEO plugin v15.6.2 - https:\/\/yoast.com\/wordpress\/plugins\/seo\/ -->\n<meta name=\"robots\" content=\"index, follow, max-snippet:-1, max-image-preview:large, max-video-preview:-1\" \/>\n<link rel=\"canonical\" href=\"http:\/\/www.kraftquelle.tirol\/coaching\/methoden\/gfk\/\" \/>\n<meta property=\"og:locale\" content=\"de_DE\" \/>\n<meta property=\"og:type\" content=\"article\" \/>\n<meta property=\"og:title\" content=\"Gfk - Gewaltfreie Kommunikation - Coaching und Beratung\" \/>\n<meta property=\"og:description\" content=\"&nbsp; Gewaltfrei Kommunikation Unsere Gesellschaft erzieht uns zu W\u00f6lfen.&nbsp; Zumindest wenn es um zwischenmenschliche Kommunikation geht.&nbsp; Das die Giraffe, mit dem gr\u00f6\u00dften Herz aller S\u00e4ugetiere, Dinge anders ansprechen w\u00fcrde, m\u00f6chte ich Ihnen gerne zeigen. Wir Menschen sind Wesen die alleine nicht existieren k\u00f6nnen, wir brauchen das Du.&nbsp; Das hei\u00dft Beziehungen sind f\u00fcr uns von gro\u00dfer [&hellip;]\" \/>\n<meta property=\"og:url\" content=\"http:\/\/www.kraftquelle.tirol\/coaching\/methoden\/gfk\/\" \/>\n<meta property=\"og:site_name\" content=\"Coaching und Beratung\" \/>\n<meta property=\"article:modified_time\" content=\"2021-03-17T11:17:40+00:00\" \/>\n<meta property=\"og:image\" content=\"http:\/\/www.kraftquelle.tirol\/coaching\/wp-content\/uploads\/2014\/09\/Elefant_shutterstock_60414424-21.jpg\" \/>\n<meta name=\"twitter:label1\" content=\"Gesch\u00e4tzte Lesezeit\">\n\t<meta name=\"twitter:data1\" content=\"1\u00a0Minute\">\n<script type=\"application\/ld+json\" class=\"yoast-schema-graph\">{\"@context\":\"https:\/\/schema.org\",\"@graph\":[{\"@type\":\"WebSite\",\"@id\":\"http:\/\/www.kraftquelle.tirol\/coaching\/#website\",\"url\":\"http:\/\/www.kraftquelle.tirol\/coaching\/\",\"name\":\"Coaching und Beratung\",\"description\":\"Mag. Michaela Kammeringer Karbon\",\"potentialAction\":[{\"@type\":\"SearchAction\",\"target\":\"http:\/\/www.kraftquelle.tirol\/coaching\/?s={search_term_string}\",\"query-input\":\"required name=search_term_string\"}],\"inLanguage\":\"de\"},{\"@type\":\"ImageObject\",\"@id\":\"http:\/\/www.kraftquelle.tirol\/coaching\/methoden\/gfk\/#primaryimage\",\"inLanguage\":\"de\",\"url\":\"http:\/\/www.kraftquelle.tirol\/coaching\/wp-content\/uploads\/2014\/09\/Elefant_shutterstock_60414424-21.jpg\",\"width\":219,\"height\":146},{\"@type\":\"WebPage\",\"@id\":\"http:\/\/www.kraftquelle.tirol\/coaching\/methoden\/gfk\/#webpage\",\"url\":\"http:\/\/www.kraftquelle.tirol\/coaching\/methoden\/gfk\/\",\"name\":\"Gfk - Gewaltfreie Kommunikation - Coaching und Beratung\",\"isPartOf\":{\"@id\":\"http:\/\/www.kraftquelle.tirol\/coaching\/#website\"},\"primaryImageOfPage\":{\"@id\":\"http:\/\/www.kraftquelle.tirol\/coaching\/methoden\/gfk\/#primaryimage\"},\"datePublished\":\"2014-09-18T07:34:58+00:00\",\"dateModified\":\"2021-03-17T11:17:40+00:00\",\"inLanguage\":\"de\",\"potentialAction\":[{\"@type\":\"ReadAction\",\"target\":[\"http:\/\/www.kraftquelle.tirol\/coaching\/methoden\/gfk\/\"]}]}]}<\/script>\n<!-- \/ Yoast SEO plugin. -->","_links":{"self":[{"href":"http:\/\/www.kraftquelle.tirol\/coaching\/wp-json\/wp\/v2\/pages\/239"}],"collection":[{"href":"http:\/\/www.kraftquelle.tirol\/coaching\/wp-json\/wp\/v2\/pages"}],"about":[{"href":"http:\/\/www.kraftquelle.tirol\/coaching\/wp-json\/wp\/v2\/types\/page"}],"author":[{"embeddable":true,"href":"http:\/\/www.kraftquelle.tirol\/coaching\/wp-json\/wp\/v2\/users\/1"}],"replies":[{"embeddable":true,"href":"http:\/\/www.kraftquelle.tirol\/coaching\/wp-json\/wp\/v2\/comments?post=239"}],"version-history":[{"count":1,"href":"http:\/\/www.kraftquelle.tirol\/coaching\/wp-json\/wp\/v2\/pages\/239\/revisions"}],"predecessor-version":[{"id":360,"href":"http:\/\/www.kraftquelle.tirol\/coaching\/wp-json\/wp\/v2\/pages\/239\/revisions\/360"}],"up":[{"embeddable":true,"href":"http:\/\/www.kraftquelle.tirol\/coaching\/wp-json\/wp\/v2\/pages\/236"}],"wp:attachment":[{"href":"http:\/\/www.kraftquelle.tirol\/coaching\/wp-json\/wp\/v2\/media?parent=239"}],"curies":[{"name":"wp","href":"https:\/\/api.w.org\/{rel}","templated":true}]}}