{"id":241,"date":"2014-09-18T07:35:00","date_gmt":"2014-09-18T07:35:00","guid":{"rendered":"http:\/\/www.marae.at\/coaching\/programm\/seminare\/"},"modified":"2021-05-07T16:00:32","modified_gmt":"2021-05-07T16:00:32","slug":"seminare","status":"publish","type":"page","link":"http:\/\/www.kraftquelle.tirol\/coaching\/programm\/seminare\/","title":{"rendered":"Seminare"},"content":{"rendered":"<div class=\"art-content-layout\">\n<div class=\"art-content-layout-row\">\n<div class=\"art-layout-cell layout-item-0\" style=\"width: 33%;\">\n<p><img loading=\"lazy\" class=\"art-lightbox\" src=\"http:\/\/www.marae.at\/coaching\/wp-content\/uploads\/2014\/09\/shutterstock_216785737-2.jpg\" alt=\"\" width=\"209\" height=\"157\" \/><\/p>\n<\/div>\n<div class=\"art-layout-cell layout-item-0\" style=\"width: 67%;\">\n<h1 style=\"text-align: center;\">WIE\u00a0\u00a0 LIEBE\u00a0 GELINGT<\/h1>\n<h3 style=\"text-align: center;\">Paarserninar<\/h3>\n<p>Lass frische Energien in Deine Beziehung einflie\u00dfen. L\u00f6se Blockaden und entdecke Deine\/n Partnerln in neuemLicht.<\/p>\n<p>Bei diesem Seminar &#8222;Wie Liebe gelingt&#8220; werden dem Paar wichtige Zug\u00e4nge und Erfahrungen im Bereich der Seelenverbindung, die im allt\u00e4glichen Leben kaum erlebbar sind, erm\u00f6glicht. Paare die sich wieder neu begegnen wollen, kurz vor dem ,,Aus&#8220; stehen, einen scheinbar unl\u00f6sbaren Konflikt haben oder sich einfach besser kennen lernen m\u00f6chten, sind hier genau richtig.<\/p>\n<ul>\n<li>das Paar erkennt, wie Konflikte entstehen und findet L\u00f6sungen<\/li>\n<li>durch systemische Aufstellungsarbeit verabschieden wir alte Muster und hinderliche Verstrickungen aus der Herkunftsfamilie<\/li>\n<li>Die Teilnehmerlnnen lernen sich selbst und den\/die PartnerIn besser verstehen und so k\u00f6nnen eigene Bed\u00fcrfnisse und Bed\u00fcrfnisse des Partners\/ der Partnerin besser gelebt und angenommen werden.<\/li>\n<li>Die Paare erfahren wie Liebe und Freude wieder aufflackern und neu gelebt werden.<\/li>\n<\/ul>\n<hr \/>\n<p style=\"text-align: center;\">Momentan keine freien Termine<\/p>\n<p style=\"text-align: center;\">Kosten:\u20ac 190,-pro Person<\/p>\n<\/div>\n<\/div>\n<\/div>\n","protected":false},"excerpt":{"rendered":"<p>WIE\u00a0\u00a0 LIEBE\u00a0 GELINGT Paarserninar Lass frische Energien in Deine Beziehung einflie\u00dfen. L\u00f6se Blockaden und entdecke Deine\/n Partnerln in neuemLicht. Bei diesem Seminar &#8222;Wie Liebe gelingt&#8220; werden dem Paar wichtige Zug\u00e4nge und Erfahrungen im Bereich der Seelenverbindung, die im allt\u00e4glichen Leben kaum erlebbar sind, erm\u00f6glicht. Paare die sich wieder neu begegnen wollen, kurz vor dem ,,Aus&#8220; [&hellip;]<\/p>\n","protected":false},"author":1,"featured_media":0,"parent":240,"menu_order":7,"comment_status":"closed","ping_status":"open","template":"","meta":[],"yoast_head":"<!-- This site is optimized with the Yoast SEO plugin v15.6.2 - https:\/\/yoast.com\/wordpress\/plugins\/seo\/ -->\n<meta name=\"robots\" content=\"index, follow, max-snippet:-1, max-image-preview:large, max-video-preview:-1\" \/>\n<link rel=\"canonical\" href=\"http:\/\/www.kraftquelle.tirol\/coaching\/programm\/seminare\/\" \/>\n<meta property=\"og:locale\" content=\"de_DE\" \/>\n<meta property=\"og:type\" content=\"article\" \/>\n<meta property=\"og:title\" content=\"Seminare - Coaching und Beratung\" \/>\n<meta property=\"og:description\" content=\"WIE\u00a0\u00a0 LIEBE\u00a0 GELINGT Paarserninar Lass frische Energien in Deine Beziehung einflie\u00dfen. L\u00f6se Blockaden und entdecke Deine\/n Partnerln in neuemLicht. Bei diesem Seminar &#8222;Wie Liebe gelingt&#8220; werden dem Paar wichtige Zug\u00e4nge und Erfahrungen im Bereich der Seelenverbindung, die im allt\u00e4glichen Leben kaum erlebbar sind, erm\u00f6glicht. Paare die sich wieder neu begegnen wollen, kurz vor dem ,,Aus&#8220; [&hellip;]\" \/>\n<meta property=\"og:url\" content=\"http:\/\/www.kraftquelle.tirol\/coaching\/programm\/seminare\/\" \/>\n<meta property=\"og:site_name\" content=\"Coaching und Beratung\" \/>\n<meta property=\"article:modified_time\" content=\"2021-05-07T16:00:32+00:00\" \/>\n<meta property=\"og:image\" content=\"http:\/\/www.marae.at\/coaching\/wp-content\/uploads\/2014\/09\/shutterstock_216785737-2.jpg\" \/>\n<meta name=\"twitter:label1\" content=\"Gesch\u00e4tzte Lesezeit\">\n\t<meta name=\"twitter:data1\" content=\"1\u00a0Minute\">\n<script type=\"application\/ld+json\" class=\"yoast-schema-graph\">{\"@context\":\"https:\/\/schema.org\",\"@graph\":[{\"@type\":\"WebSite\",\"@id\":\"http:\/\/www.kraftquelle.tirol\/coaching\/#website\",\"url\":\"http:\/\/www.kraftquelle.tirol\/coaching\/\",\"name\":\"Coaching und Beratung\",\"description\":\"Mag. Michaela Kammeringer Karbon\",\"potentialAction\":[{\"@type\":\"SearchAction\",\"target\":\"http:\/\/www.kraftquelle.tirol\/coaching\/?s={search_term_string}\",\"query-input\":\"required name=search_term_string\"}],\"inLanguage\":\"de\"},{\"@type\":\"ImageObject\",\"@id\":\"http:\/\/www.kraftquelle.tirol\/coaching\/programm\/seminare\/#primaryimage\",\"inLanguage\":\"de\",\"url\":\"http:\/\/www.marae.at\/coaching\/wp-content\/uploads\/2014\/09\/shutterstock_216785737-2.jpg\"},{\"@type\":\"WebPage\",\"@id\":\"http:\/\/www.kraftquelle.tirol\/coaching\/programm\/seminare\/#webpage\",\"url\":\"http:\/\/www.kraftquelle.tirol\/coaching\/programm\/seminare\/\",\"name\":\"Seminare - Coaching und Beratung\",\"isPartOf\":{\"@id\":\"http:\/\/www.kraftquelle.tirol\/coaching\/#website\"},\"primaryImageOfPage\":{\"@id\":\"http:\/\/www.kraftquelle.tirol\/coaching\/programm\/seminare\/#primaryimage\"},\"datePublished\":\"2014-09-18T07:35:00+00:00\",\"dateModified\":\"2021-05-07T16:00:32+00:00\",\"inLanguage\":\"de\",\"potentialAction\":[{\"@type\":\"ReadAction\",\"target\":[\"http:\/\/www.kraftquelle.tirol\/coaching\/programm\/seminare\/\"]}]}]}<\/script>\n<!-- \/ Yoast SEO plugin. -->","_links":{"self":[{"href":"http:\/\/www.kraftquelle.tirol\/coaching\/wp-json\/wp\/v2\/pages\/241"}],"collection":[{"href":"http:\/\/www.kraftquelle.tirol\/coaching\/wp-json\/wp\/v2\/pages"}],"about":[{"href":"http:\/\/www.kraftquelle.tirol\/coaching\/wp-json\/wp\/v2\/types\/page"}],"author":[{"embeddable":true,"href":"http:\/\/www.kraftquelle.tirol\/coaching\/wp-json\/wp\/v2\/users\/1"}],"replies":[{"embeddable":true,"href":"http:\/\/www.kraftquelle.tirol\/coaching\/wp-json\/wp\/v2\/comments?post=241"}],"version-history":[{"count":7,"href":"http:\/\/www.kraftquelle.tirol\/coaching\/wp-json\/wp\/v2\/pages\/241\/revisions"}],"predecessor-version":[{"id":380,"href":"http:\/\/www.kraftquelle.tirol\/coaching\/wp-json\/wp\/v2\/pages\/241\/revisions\/380"}],"up":[{"embeddable":true,"href":"http:\/\/www.kraftquelle.tirol\/coaching\/wp-json\/wp\/v2\/pages\/240"}],"wp:attachment":[{"href":"http:\/\/www.kraftquelle.tirol\/coaching\/wp-json\/wp\/v2\/media?parent=241"}],"curies":[{"name":"wp","href":"https:\/\/api.w.org\/{rel}","templated":true}]}}