{"id":243,"date":"2014-09-18T07:35:02","date_gmt":"2014-09-18T07:35:02","guid":{"rendered":"http:\/\/www.marae.at\/coaching\/programm\/einzelberatung\/"},"modified":"2021-03-17T11:19:02","modified_gmt":"2021-03-17T11:19:02","slug":"einzelberatung","status":"publish","type":"page","link":"http:\/\/www.kraftquelle.tirol\/coaching\/programm\/einzelberatung\/","title":{"rendered":"Einzelberatung"},"content":{"rendered":"<div class=\"art-content-layout\">\n<div class=\"art-content-layout-row\">\n<div class=\"art-layout-cell layout-item-0\" style=\"width: 33%;\">\n<p><img loading=\"lazy\" class=\"art-lightbox\" src=\"http:\/\/www.kraftquelle.tirol\/coaching\/wp-content\/uploads\/2014\/09\/Elefant.jpg\" alt=\"\" width=\"210\" height=\"89\" \/><\/p>\n<\/div>\n<div class=\"art-layout-cell layout-item-0\" style=\"width: 67%;\">\n<p>H\u00f6r Dir genau zu und achte auf deine Gedanken und Worte. Du programmierst Deine Zukunft selbst mit deinen Gedanken und Worten.<\/p>\n<p>Die meisten Menschen wissen was sie nicht wollen, nicht aber was sie wollen.<br \/>\nIn meinen Einzelsitzungen begleite ich Menschen, ihre wahren Bed\u00fcrfnisse und W\u00fcnsche zu finden, um sie als positives Ziel zu formulieren. Schritt f\u00fcr Schritt wird Ressourcen- und L\u00f6sungsorientiert an einem Ziel gearbeitet. Jeder von uns hat alles, was er braucht um das zu erreichen was er wirklich will. 10kg abnehmen, studieren, erfolgreich sein, gesund sein oder eine erf\u00fcllende Paarbeziehung zu f\u00fchren, alles ist da &#8211; gehen musst Du.<br \/>\nIch reiche Dir gern meine Hand.<br \/>\nTermine k\u00f6nnen individuell vereinbart werden.<\/p>\n<\/div>\n<\/div>\n<\/div>\n","protected":false},"excerpt":{"rendered":"<p>H\u00f6r Dir genau zu und achte auf deine Gedanken und Worte. Du programmierst Deine Zukunft selbst mit deinen Gedanken und Worten. Die meisten Menschen wissen was sie nicht wollen, nicht aber was sie wollen. In meinen Einzelsitzungen begleite ich Menschen, ihre wahren Bed\u00fcrfnisse und W\u00fcnsche zu finden, um sie als positives Ziel zu formulieren. Schritt [&hellip;]<\/p>\n","protected":false},"author":1,"featured_media":0,"parent":240,"menu_order":9,"comment_status":"closed","ping_status":"open","template":"","meta":[],"yoast_head":"<!-- This site is optimized with the Yoast SEO plugin v15.6.2 - https:\/\/yoast.com\/wordpress\/plugins\/seo\/ -->\n<meta name=\"robots\" content=\"index, follow, max-snippet:-1, max-image-preview:large, max-video-preview:-1\" \/>\n<link rel=\"canonical\" href=\"http:\/\/www.kraftquelle.tirol\/coaching\/programm\/einzelberatung\/\" \/>\n<meta property=\"og:locale\" content=\"de_DE\" \/>\n<meta property=\"og:type\" content=\"article\" \/>\n<meta property=\"og:title\" content=\"Einzelberatung - Coaching und Beratung\" \/>\n<meta property=\"og:description\" content=\"H\u00f6r Dir genau zu und achte auf deine Gedanken und Worte. Du programmierst Deine Zukunft selbst mit deinen Gedanken und Worten. Die meisten Menschen wissen was sie nicht wollen, nicht aber was sie wollen. In meinen Einzelsitzungen begleite ich Menschen, ihre wahren Bed\u00fcrfnisse und W\u00fcnsche zu finden, um sie als positives Ziel zu formulieren. Schritt [&hellip;]\" \/>\n<meta property=\"og:url\" content=\"http:\/\/www.kraftquelle.tirol\/coaching\/programm\/einzelberatung\/\" \/>\n<meta property=\"og:site_name\" content=\"Coaching und Beratung\" \/>\n<meta property=\"article:modified_time\" content=\"2021-03-17T11:19:02+00:00\" \/>\n<meta property=\"og:image\" content=\"http:\/\/www.kraftquelle.tirol\/coaching\/wp-content\/uploads\/2014\/09\/Elefant.jpg\" \/>\n<meta name=\"twitter:label1\" content=\"Gesch\u00e4tzte Lesezeit\">\n\t<meta name=\"twitter:data1\" content=\"1\u00a0Minute\">\n<script type=\"application\/ld+json\" class=\"yoast-schema-graph\">{\"@context\":\"https:\/\/schema.org\",\"@graph\":[{\"@type\":\"WebSite\",\"@id\":\"http:\/\/www.kraftquelle.tirol\/coaching\/#website\",\"url\":\"http:\/\/www.kraftquelle.tirol\/coaching\/\",\"name\":\"Coaching und Beratung\",\"description\":\"Mag. Michaela Kammeringer Karbon\",\"potentialAction\":[{\"@type\":\"SearchAction\",\"target\":\"http:\/\/www.kraftquelle.tirol\/coaching\/?s={search_term_string}\",\"query-input\":\"required name=search_term_string\"}],\"inLanguage\":\"de\"},{\"@type\":\"ImageObject\",\"@id\":\"http:\/\/www.kraftquelle.tirol\/coaching\/programm\/einzelberatung\/#primaryimage\",\"inLanguage\":\"de\",\"url\":\"http:\/\/www.kraftquelle.tirol\/coaching\/wp-content\/uploads\/2014\/09\/Elefant.jpg\",\"width\":210,\"height\":89},{\"@type\":\"WebPage\",\"@id\":\"http:\/\/www.kraftquelle.tirol\/coaching\/programm\/einzelberatung\/#webpage\",\"url\":\"http:\/\/www.kraftquelle.tirol\/coaching\/programm\/einzelberatung\/\",\"name\":\"Einzelberatung - Coaching und Beratung\",\"isPartOf\":{\"@id\":\"http:\/\/www.kraftquelle.tirol\/coaching\/#website\"},\"primaryImageOfPage\":{\"@id\":\"http:\/\/www.kraftquelle.tirol\/coaching\/programm\/einzelberatung\/#primaryimage\"},\"datePublished\":\"2014-09-18T07:35:02+00:00\",\"dateModified\":\"2021-03-17T11:19:02+00:00\",\"inLanguage\":\"de\",\"potentialAction\":[{\"@type\":\"ReadAction\",\"target\":[\"http:\/\/www.kraftquelle.tirol\/coaching\/programm\/einzelberatung\/\"]}]}]}<\/script>\n<!-- \/ Yoast SEO plugin. -->","_links":{"self":[{"href":"http:\/\/www.kraftquelle.tirol\/coaching\/wp-json\/wp\/v2\/pages\/243"}],"collection":[{"href":"http:\/\/www.kraftquelle.tirol\/coaching\/wp-json\/wp\/v2\/pages"}],"about":[{"href":"http:\/\/www.kraftquelle.tirol\/coaching\/wp-json\/wp\/v2\/types\/page"}],"author":[{"embeddable":true,"href":"http:\/\/www.kraftquelle.tirol\/coaching\/wp-json\/wp\/v2\/users\/1"}],"replies":[{"embeddable":true,"href":"http:\/\/www.kraftquelle.tirol\/coaching\/wp-json\/wp\/v2\/comments?post=243"}],"version-history":[{"count":2,"href":"http:\/\/www.kraftquelle.tirol\/coaching\/wp-json\/wp\/v2\/pages\/243\/revisions"}],"predecessor-version":[{"id":363,"href":"http:\/\/www.kraftquelle.tirol\/coaching\/wp-json\/wp\/v2\/pages\/243\/revisions\/363"}],"up":[{"embeddable":true,"href":"http:\/\/www.kraftquelle.tirol\/coaching\/wp-json\/wp\/v2\/pages\/240"}],"wp:attachment":[{"href":"http:\/\/www.kraftquelle.tirol\/coaching\/wp-json\/wp\/v2\/media?parent=243"}],"curies":[{"name":"wp","href":"https:\/\/api.w.org\/{rel}","templated":true}]}}