{"id":244,"date":"2014-09-18T07:35:03","date_gmt":"2014-09-18T07:35:03","guid":{"rendered":"http:\/\/www.marae.at\/coaching\/kontakt\/"},"modified":"2021-11-25T10:12:55","modified_gmt":"2021-11-25T10:12:55","slug":"kontakt","status":"publish","type":"page","link":"http:\/\/www.kraftquelle.tirol\/coaching\/kontakt\/","title":{"rendered":"About"},"content":{"rendered":"<div class=\"art-content-layout-wrapper layout-item-0\">\n<div class=\"art-content-layout layout-item-1\">\n<div class=\"art-content-layout-row\">\n<div class=\"art-layout-cell layout-item-3\" style=\"width: 74%;\">\n<h4><strong>Meine Geschichte:<\/strong><\/h4>\n<p>Diese begann als krankes Kind, geboren in eine Herkunftsfamilie, die einen gro\u00dfen Schicksalsschlag erleben musste. Schwerer Start ins Leben, hei\u00dft du musst dich fr\u00fch auf den Weg machen einen guten Lebensweg zu finden. Das tat ich.<\/p>\n<p>Mit 22 Jahren entschied ich mich, Medikamenten frei, selbstbestimmt, gl\u00fccklich und in n\u00e4hrenden Beziehungen zu leben.<\/p>\n<p>Heute bin ich 44, mehr gesund als krank, habe 3 wunderbare Kinder, auf die ich unglaublich stolz bin und einen liebevollen Mann seit 18 Jahren an meiner Seite. Aja und f\u00fchl mich sehr erfolgreich. Falls du glaubst, dass waren alles Bestellungen im Universum, muss ich dich entt\u00e4uschen. Es war auch harte Arbeit und konsequentes dranbleiben an meiner Entwicklung.<\/p>\n<p>Jetzt bin ich eine Anh\u00e4ufung von Erfahrungen die mich \u201eHEIL\u201c werden lie\u00dfen und Ausbildungen sowie Wissen dar\u00fcber, wie die Dinge die uns so im Leben passieren, entstehen beziehungswei\u00dfe zusammen h\u00e4ngen.<\/p>\n<p>JETZT ist die Zeit meinen Schatz weiter zu geben.<\/p>\n<p>Das ist meine Aufgabe, bis zu dem Tag an dem ich zum letzten Mal&#8230;&#8230;..<\/p>\n<hr \/>\n<h5><strong>Bildungen<\/strong><\/h5>\n<p>*Grundschule<\/p>\n<p>*HBLA f\u00fcr Mode-und Bekleidungstechnik (2J.)<\/p>\n<p>*Lehre als Dekorateurin \u2013 seit 1989 im eigenem Unternehmen<\/p>\n<p>*Abendmatura<\/p>\n<p>*Diplomstudium P\u00e4dagogik an der Leopold Franzens-Universit\u00e4t Innsbruck: Studienzweig Beratung und Grundlagen der Psychotherapie<\/p>\n<p>*NLP- Practitioner und Master Practitioner (2007) am \u00d6TZ in Wien mit Dr. Brigitte Gross<\/p>\n<p>*Future-Leadership-Training<\/p>\n<p>*LSB \u2013 psychologische Beraterin seit 2021<\/p>\n<p>*Systemische Aufstellung, Familienaufstellung seit 2014<\/p>\n<p>*Kreativit\u00e4tstrainerin<\/p>\n<p>*Kunsttherapeutin u. S.<\/p>\n<h5><strong>Spirituelle Bildung<\/strong><\/h5>\n<p>*Reiki 3 Grad<\/p>\n<p>*Pranahealing<\/p>\n<p>*Energetikerin, seit 2010 selbstst\u00e4ndig<\/p>\n<p>*Scharmanismus 2011<\/p>\n<p>*Huna &#8211; Lehrerin 2018 bei Jeanne Ruland Frankfurt<\/p>\n<h5><strong>Bildung durch Reisen <\/strong><\/h5>\n<p>*Mexiko, Quer durch Amerikas Nationalparks, Hawaii, Nepal, Tibet, Thailand, \u00c4gypten, viele Teile Europas und \u00d6sterreichs<\/p>\n<hr \/>\n<p><img loading=\"lazy\" class=\"alignright wp-image-73\" src=\"http:\/\/www.kraftquelle.tirol\/hausdeslebens\/wp-content\/uploads\/2021\/06\/Michaela_Kammeringer-Karbon.jpeg\" alt=\"Michaela Kammeringer-Karbon\" width=\"134\" height=\"200\" \/>Mag. Michaela Kammeringer Karbon<\/p>\n<p>Tannenweg 6<br \/>\nA-6063 Rum<\/p>\n<p>Tel: 0664 \/ 10 444 76<\/p>\n<p>Mail:\u00a0<a href=\"mailto:michaela@kammeringer.at\" target=\"_blank\" rel=\"noopener\">michaela@kammeringer.at<\/a><\/p>\n<\/div>\n<\/div>\n<\/div>\n<\/div>\n","protected":false},"excerpt":{"rendered":"<p>Meine Geschichte: Diese begann als krankes Kind, geboren in eine Herkunftsfamilie, die einen gro\u00dfen Schicksalsschlag erleben musste. Schwerer Start ins Leben, hei\u00dft du musst dich fr\u00fch auf den Weg machen einen guten Lebensweg zu finden. Das tat ich. Mit 22 Jahren entschied ich mich, Medikamenten frei, selbstbestimmt, gl\u00fccklich und in n\u00e4hrenden Beziehungen zu leben. Heute [&hellip;]<\/p>\n","protected":false},"author":1,"featured_media":0,"parent":0,"menu_order":10,"comment_status":"closed","ping_status":"open","template":"","meta":[],"yoast_head":"<!-- This site is optimized with the Yoast SEO plugin v15.6.2 - https:\/\/yoast.com\/wordpress\/plugins\/seo\/ -->\n<meta name=\"robots\" content=\"index, follow, max-snippet:-1, max-image-preview:large, max-video-preview:-1\" \/>\n<link rel=\"canonical\" href=\"http:\/\/www.kraftquelle.tirol\/coaching\/kontakt\/\" \/>\n<meta property=\"og:locale\" content=\"de_DE\" \/>\n<meta property=\"og:type\" content=\"article\" \/>\n<meta property=\"og:title\" content=\"About - Coaching und Beratung\" \/>\n<meta property=\"og:description\" content=\"Meine Geschichte: Diese begann als krankes Kind, geboren in eine Herkunftsfamilie, die einen gro\u00dfen Schicksalsschlag erleben musste. Schwerer Start ins Leben, hei\u00dft du musst dich fr\u00fch auf den Weg machen einen guten Lebensweg zu finden. Das tat ich. Mit 22 Jahren entschied ich mich, Medikamenten frei, selbstbestimmt, gl\u00fccklich und in n\u00e4hrenden Beziehungen zu leben. Heute [&hellip;]\" \/>\n<meta property=\"og:url\" content=\"http:\/\/www.kraftquelle.tirol\/coaching\/kontakt\/\" \/>\n<meta property=\"og:site_name\" content=\"Coaching und Beratung\" \/>\n<meta property=\"article:modified_time\" content=\"2021-11-25T10:12:55+00:00\" \/>\n<meta property=\"og:image\" content=\"http:\/\/www.kraftquelle.tirol\/hausdeslebens\/wp-content\/uploads\/2021\/06\/Michaela_Kammeringer-Karbon.jpeg\" \/>\n<meta name=\"twitter:label1\" content=\"Gesch\u00e4tzte Lesezeit\">\n\t<meta name=\"twitter:data1\" content=\"2\u00a0Minuten\">\n<script type=\"application\/ld+json\" class=\"yoast-schema-graph\">{\"@context\":\"https:\/\/schema.org\",\"@graph\":[{\"@type\":\"WebSite\",\"@id\":\"http:\/\/www.kraftquelle.tirol\/coaching\/#website\",\"url\":\"http:\/\/www.kraftquelle.tirol\/coaching\/\",\"name\":\"Coaching und Beratung\",\"description\":\"Mag. Michaela Kammeringer Karbon\",\"potentialAction\":[{\"@type\":\"SearchAction\",\"target\":\"http:\/\/www.kraftquelle.tirol\/coaching\/?s={search_term_string}\",\"query-input\":\"required name=search_term_string\"}],\"inLanguage\":\"de\"},{\"@type\":\"ImageObject\",\"@id\":\"http:\/\/www.kraftquelle.tirol\/coaching\/kontakt\/#primaryimage\",\"inLanguage\":\"de\",\"url\":\"http:\/\/www.kraftquelle.tirol\/hausdeslebens\/wp-content\/uploads\/2021\/06\/Michaela_Kammeringer-Karbon.jpeg\"},{\"@type\":\"WebPage\",\"@id\":\"http:\/\/www.kraftquelle.tirol\/coaching\/kontakt\/#webpage\",\"url\":\"http:\/\/www.kraftquelle.tirol\/coaching\/kontakt\/\",\"name\":\"About - Coaching und Beratung\",\"isPartOf\":{\"@id\":\"http:\/\/www.kraftquelle.tirol\/coaching\/#website\"},\"primaryImageOfPage\":{\"@id\":\"http:\/\/www.kraftquelle.tirol\/coaching\/kontakt\/#primaryimage\"},\"datePublished\":\"2014-09-18T07:35:03+00:00\",\"dateModified\":\"2021-11-25T10:12:55+00:00\",\"inLanguage\":\"de\",\"potentialAction\":[{\"@type\":\"ReadAction\",\"target\":[\"http:\/\/www.kraftquelle.tirol\/coaching\/kontakt\/\"]}]}]}<\/script>\n<!-- \/ Yoast SEO plugin. -->","_links":{"self":[{"href":"http:\/\/www.kraftquelle.tirol\/coaching\/wp-json\/wp\/v2\/pages\/244"}],"collection":[{"href":"http:\/\/www.kraftquelle.tirol\/coaching\/wp-json\/wp\/v2\/pages"}],"about":[{"href":"http:\/\/www.kraftquelle.tirol\/coaching\/wp-json\/wp\/v2\/types\/page"}],"author":[{"embeddable":true,"href":"http:\/\/www.kraftquelle.tirol\/coaching\/wp-json\/wp\/v2\/users\/1"}],"replies":[{"embeddable":true,"href":"http:\/\/www.kraftquelle.tirol\/coaching\/wp-json\/wp\/v2\/comments?post=244"}],"version-history":[{"count":7,"href":"http:\/\/www.kraftquelle.tirol\/coaching\/wp-json\/wp\/v2\/pages\/244\/revisions"}],"predecessor-version":[{"id":391,"href":"http:\/\/www.kraftquelle.tirol\/coaching\/wp-json\/wp\/v2\/pages\/244\/revisions\/391"}],"wp:attachment":[{"href":"http:\/\/www.kraftquelle.tirol\/coaching\/wp-json\/wp\/v2\/media?parent=244"}],"curies":[{"name":"wp","href":"https:\/\/api.w.org\/{rel}","templated":true}]}}