{"id":247,"date":"2014-09-18T07:35:06","date_gmt":"2014-09-18T07:35:06","guid":{"rendered":"http:\/\/www.marae.at\/coaching\/kontakt\/impressum\/"},"modified":"2014-09-18T07:35:06","modified_gmt":"2014-09-18T07:35:06","slug":"impressum","status":"publish","type":"page","link":"http:\/\/www.kraftquelle.tirol\/coaching\/kontakt\/impressum\/","title":{"rendered":"Impressum"},"content":{"rendered":"<p style=\"text-align: justify;\">Mag. Michaela Kammeringer Karbon<\/p>\n<p style=\"text-align: justify;\">Tannenweg 6<br \/>6063 Rum bei Innsbruck<\/p>\n<p style=\"text-align: justify;\">Tel. 0 664 10 444 76<\/p>\n<p style=\"text-align: justify;\">Mail:&nbsp;<a target=\"_blank\" href=\"mailto:michaela@kammeringer.at\">michaela@kammeringer.at<\/a><\/p>\n<div class=\"span4\" style=\"text-align: justify;\">\n<\/div>\n<div class=\"span4\" style=\"text-align: justify;\">\n<p>webdesign: Bernhard Sch\u00f6pfer<\/p>\n<p><strong>Copyright<\/strong><\/p>\n<p>Inhalt, Struktur und Layout der Website kammeringer.at ist<br \/>\nurheberrechtlich gesch\u00fctzt. Urheberrechte f\u00fcr Bildmaterial, Texte und<br \/>\nandere gesch\u00fctzte Werke, Marken und Kennzeichen werden dadurch nicht<br \/>\nbeschnitten.<\/p>\n<p>Die Vervielf\u00e4ltigung (inklusive des Ausdrucks auf Papier) oder die<br \/>\nVerwendung der Website bzw. Teilen davon zu Informationszwecken ist<br \/>\ngestattet. Jede andere Verwendung der auf dieser Website verf\u00fcgbaren<br \/>\nInhalte zu einem anderen als dem oben genannten Zweck ist ohne<br \/>\nausdr\u00fcckliche, schriftliche Zustimmung des jeweiligen Urhebers<br \/>\nuntersagt.<\/p>\n<p>Bildmaterial&nbsp;<\/p>\n<p>\u00a9 Mag. Michaela Kammeringer Karbon<br \/>\u00a9&nbsp;Shutterstock.com<\/p>\n<p><\/p>\n<p><strong>Disclaimer<\/strong><\/p>\n<p>Die Nutzung der Website&nbsp;marae.at dient rein zur Information.<br \/>\nIch Mag. Michaela Kammeringer Karbon \u00fcbernehme keine Gew\u00e4hr f\u00fcr Aktualit\u00e4t,<br \/>\nKorrektheit, Vollst\u00e4ndigkeit oder Qualit\u00e4t der bereitgestellten<br \/>\nInformationen. Eine Haftung f\u00fcr Sch\u00e4den jeglicher Art, die aufgrund von<br \/>\nNutzung oder Nichtnutzung dargebotener Informationen bzw. durch Nutzung<br \/>\nfehlerhafter oder unvollst\u00e4ndiger Informationen verursacht wurden, sind<br \/>\ngrunds\u00e4tzlich ausgeschlossen, sofern meinerseits nachweislich kein<br \/>\nVorsatz oder grob fahrl\u00e4ssiges Verhalten vorliegt.<\/p>\n<p>Bei direkten oder indirekten Verweisen auf fremde Websites<br \/>\n(Hyperlinks) trifft mich nur insofern eine Haftung, als ich von<br \/>\nrechtswidrigen Inhalten Kenntnis besitze und es mir technisch m\u00f6glich<br \/>\nund zumutbar ist, die Nutzung der rechtswidrigen Inhalte zu verhindern.<br \/>\nIch erkl\u00e4re, dass zum Zeitpunkt der Linksetzung keine illegalen Inhalte<br \/>\nauf den zu verlinkenden Seiten erkennbar waren.<\/p>\n<p>Auf die aktuelle und zuk\u00fcnftige Gestaltung, die Inhalte oder die<br \/>\nUrheberschaft der gelinkten\/verkn\u00fcpften Seiten habe ich keinen Einfluss<br \/>\nund distanziere mich daher ausdr\u00fccklich von dort dargestellten,<br \/>\nallenfalls ungesetzlichen Inhalten.<\/p>\n<p>Dieser Haftungsausschluss (Disclaimer) ist als Teil des<br \/>\nInternetangebotes zu betrachten, von dem aus auf diese Seite verwiesen<br \/>\nwurde. Sofern Teile oder einzelne Formulierungen dieses<br \/>\nHaftungsausschlusses der geltenden Rechtslage nicht, nicht mehr oder<br \/>\nnicht vollst\u00e4ndig entsprechen sollten, bleiben die \u00fcbrigen Teile des<br \/>\nDokumentes in ihrem Inhalt und ihrer G\u00fcltigkeit davon unber\u00fchrt.<\/p>\n<p>Google Analytics<br \/>\nDiese Website benutzt Google Analytics, einen Webanalysedienst der<br \/>\nGoogle Inc. (\u201cGoogle\u201d) Google Analytics verwendet sog. \u201cCookies\u201d,<br \/>\nTextdateien, die auf Ihrem Computer gespeichert werden und die eine<br \/>\nAnalyse der Benutzung der Website durch Sie erm\u00f6glicht. Die durch den<br \/>\nCookie erzeugten Informationen \u00fcber Ihre Benutzung diese Website<br \/>\n(einschlie\u00dflich Ihrer IP-Adresse) wird an einen Server von Google in den<br \/>\n USA \u00fcbertragen und dort gespeichert. Google wird diese Informationen<br \/>\nbenutzen, um Ihre Nutzung der Website auszuwerten, um Reports \u00fcber die<br \/>\nWebsiteaktivit\u00e4ten f\u00fcr die Websitebetreiber zusammenzustellen und um<br \/>\nweitere mit der Websitenutzung und der Internetnutzung verbundene<br \/>\nDienstleistungen zu erbringen. Auch wird Google diese Informationen<br \/>\ngegebenenfalls an Dritte \u00fcbertragen, sofern dies gesetzlich<br \/>\nvorgeschrieben oder soweit Dritte diese Daten im Auftrag von Google<br \/>\nverarbeiten. Google wird in keinem Fall Ihre IP-Adresse mit anderen<br \/>\nDaten der Google in Verbindung bringen. Sie k\u00f6nnen die Installation der<br \/>\nCookies durch eine entsprechende Einstellung Ihrer Browser Software<br \/>\nverhindern; wir weisen Sie jedoch darauf hin, dass Sie in diesem Fall<br \/>\ngegebenenfalls nicht s\u00e4mtliche Funktionen dieser Website voll umf\u00e4nglich<br \/>\n nutzen k\u00f6nnen. Durch die Nutzung dieser Website erkl\u00e4ren Sie sich mit<br \/>\nder Bearbeitung der \u00fcber Sie erhobenen Daten durch Google in der zuvor<br \/>\nbeschriebenen Art und Weise und zu dem zuvor benannten Zweck<br \/>\neinverstanden.<\/p>\n<p><span style=\"font-weight: bold;\"><br \/><\/span><\/p>\n<p><\/p>\n<p>&nbsp;<\/p>\n<\/div>\n","protected":false},"excerpt":{"rendered":"<p>Mag. Michaela Kammeringer Karbon Tannenweg 66063 Rum bei Innsbruck Tel. 0 664 10 444 76 Mail:&nbsp;michaela@kammeringer.at webdesign: Bernhard Sch\u00f6pfer Copyright Inhalt, Struktur und Layout der Website kammeringer.at ist urheberrechtlich gesch\u00fctzt. Urheberrechte f\u00fcr Bildmaterial, Texte und andere gesch\u00fctzte Werke, Marken und Kennzeichen werden dadurch nicht beschnitten. Die Vervielf\u00e4ltigung (inklusive des Ausdrucks auf Papier) oder die Verwendung [&hellip;]<\/p>\n","protected":false},"author":1,"featured_media":0,"parent":244,"menu_order":13,"comment_status":"closed","ping_status":"open","template":"","meta":[],"yoast_head":"<!-- This site is optimized with the Yoast SEO plugin v15.6.2 - https:\/\/yoast.com\/wordpress\/plugins\/seo\/ -->\n<meta name=\"robots\" content=\"index, follow, max-snippet:-1, max-image-preview:large, max-video-preview:-1\" \/>\n<link rel=\"canonical\" href=\"http:\/\/www.kraftquelle.tirol\/coaching\/kontakt\/impressum\/\" \/>\n<meta property=\"og:locale\" content=\"de_DE\" \/>\n<meta property=\"og:type\" content=\"article\" \/>\n<meta property=\"og:title\" content=\"Impressum - Coaching und Beratung\" \/>\n<meta property=\"og:description\" content=\"Mag. Michaela Kammeringer Karbon Tannenweg 66063 Rum bei Innsbruck Tel. 0 664 10 444 76 Mail:&nbsp;michaela@kammeringer.at webdesign: Bernhard Sch\u00f6pfer Copyright Inhalt, Struktur und Layout der Website kammeringer.at ist urheberrechtlich gesch\u00fctzt. Urheberrechte f\u00fcr Bildmaterial, Texte und andere gesch\u00fctzte Werke, Marken und Kennzeichen werden dadurch nicht beschnitten. Die Vervielf\u00e4ltigung (inklusive des Ausdrucks auf Papier) oder die Verwendung [&hellip;]\" \/>\n<meta property=\"og:url\" content=\"http:\/\/www.kraftquelle.tirol\/coaching\/kontakt\/impressum\/\" \/>\n<meta property=\"og:site_name\" content=\"Coaching und Beratung\" \/>\n<meta name=\"twitter:label1\" content=\"Gesch\u00e4tzte Lesezeit\">\n\t<meta name=\"twitter:data1\" content=\"3\u00a0Minuten\">\n<script type=\"application\/ld+json\" class=\"yoast-schema-graph\">{\"@context\":\"https:\/\/schema.org\",\"@graph\":[{\"@type\":\"WebSite\",\"@id\":\"http:\/\/www.kraftquelle.tirol\/coaching\/#website\",\"url\":\"http:\/\/www.kraftquelle.tirol\/coaching\/\",\"name\":\"Coaching und Beratung\",\"description\":\"Mag. Michaela Kammeringer Karbon\",\"potentialAction\":[{\"@type\":\"SearchAction\",\"target\":\"http:\/\/www.kraftquelle.tirol\/coaching\/?s={search_term_string}\",\"query-input\":\"required name=search_term_string\"}],\"inLanguage\":\"de\"},{\"@type\":\"WebPage\",\"@id\":\"http:\/\/www.kraftquelle.tirol\/coaching\/kontakt\/impressum\/#webpage\",\"url\":\"http:\/\/www.kraftquelle.tirol\/coaching\/kontakt\/impressum\/\",\"name\":\"Impressum - Coaching und Beratung\",\"isPartOf\":{\"@id\":\"http:\/\/www.kraftquelle.tirol\/coaching\/#website\"},\"datePublished\":\"2014-09-18T07:35:06+00:00\",\"dateModified\":\"2014-09-18T07:35:06+00:00\",\"inLanguage\":\"de\",\"potentialAction\":[{\"@type\":\"ReadAction\",\"target\":[\"http:\/\/www.kraftquelle.tirol\/coaching\/kontakt\/impressum\/\"]}]}]}<\/script>\n<!-- \/ Yoast SEO plugin. -->","_links":{"self":[{"href":"http:\/\/www.kraftquelle.tirol\/coaching\/wp-json\/wp\/v2\/pages\/247"}],"collection":[{"href":"http:\/\/www.kraftquelle.tirol\/coaching\/wp-json\/wp\/v2\/pages"}],"about":[{"href":"http:\/\/www.kraftquelle.tirol\/coaching\/wp-json\/wp\/v2\/types\/page"}],"author":[{"embeddable":true,"href":"http:\/\/www.kraftquelle.tirol\/coaching\/wp-json\/wp\/v2\/users\/1"}],"replies":[{"embeddable":true,"href":"http:\/\/www.kraftquelle.tirol\/coaching\/wp-json\/wp\/v2\/comments?post=247"}],"version-history":[{"count":0,"href":"http:\/\/www.kraftquelle.tirol\/coaching\/wp-json\/wp\/v2\/pages\/247\/revisions"}],"up":[{"embeddable":true,"href":"http:\/\/www.kraftquelle.tirol\/coaching\/wp-json\/wp\/v2\/pages\/244"}],"wp:attachment":[{"href":"http:\/\/www.kraftquelle.tirol\/coaching\/wp-json\/wp\/v2\/media?parent=247"}],"curies":[{"name":"wp","href":"https:\/\/api.w.org\/{rel}","templated":true}]}}